{"id":6454,"date":"2016-04-25T14:53:36","date_gmt":"2016-04-25T14:53:36","guid":{"rendered":"https:\/\/human-towers.com\/es\/?page_id=6454"},"modified":"2016-04-25T14:53:36","modified_gmt":"2016-04-25T14:53:36","slug":"politica-de-cookies","status":"publish","type":"page","link":"https:\/\/human-towers.com\/es\/politica-de-cookies\/","title":{"rendered":"Pol\u00edtica de cookies"},"content":{"rendered":"<p>1.        \u00bfQu\u00e9 es una cookie?<\/p>\n<p>Una cookie es un fichero que se descarga en su ordenador\/tablet\/smartphone al acceder a determinadas p\u00e1ginas web y\/o aplicaciones. Las cookies permiten, entre otras cosas, almacenar y recuperar informaci\u00f3n sobre los h\u00e1bitos de navegaci\u00f3n de un usuario o de su equipo y, dependiendo de la informaci\u00f3n que contengan y de la forma en que utilice su equipo, pueden utilizarse para reconocer al usuario.<\/p>\n<p>2.        \u00bfQu\u00e9 tipos de cookies utiliza la p\u00e1gina web de Faus &#038; Moliner?<\/p>\n<p>1. a) En funci\u00f3n de la entidad que las gestiona:<\/p>\n<p>Cookies propias: Son aqu\u00e9llas que se env\u00edan al equipo terminal del usuario desde un equipo o dominio gestionado por Faus &#038; Moliner y desde el que se presta el servicio solicitado por el usuario.<\/p>\n<p>Cookies de tercero: Son aqu\u00e9llas que se env\u00edan al equipo terminal del usuario desde un equipo o dominio que no es gestionado por Faus &#038; Moliner, sino por otra entidad que trata los datos obtenidos trav\u00e9s de las cookies. En el apartado \u201cUtilizaci\u00f3n de las cookies\u201d puede consultar qu\u00e9 entidades establecen cookies en este sitio web.<\/p>\n<p>1. b) En funci\u00f3n del plazo que permanecen activadas:<\/p>\n<p>Cookies de sesi\u00f3n: Son un tipo de cookies dise\u00f1adas para recabar y almacenar datos mientras el usuario accede a nuestra p\u00e1gina web.<\/p>\n<p>Cookies persistentes: Son un tipo de cookies en el que los datos siguen almacenados en el terminal y pueden ser accedidos y tratados durante un periodo definido por el responsable de la cookie, y que puede ir de unos minutos a varios a\u00f1os.<\/p>\n<p>1. c) Seg\u00fan la finalidad para la que se traten:<\/p>\n<p>Cookies de an\u00e1lisis: Son aqu\u00e9llas que bien tratadas por nosotros o por terceros, nos permiten cuantificar el n\u00famero de usuarios y as\u00ed realizar la medici\u00f3n y an\u00e1lisis estad\u00edstico de la utilizaci\u00f3n que hacen los usuarios del servicio ofertado. Para ello se analiza su navegaci\u00f3n en nuestra p\u00e1gina web o aplicaci\u00f3n con el fin de mejorar la oferta de productos o servicios que le ofrecemos.<\/p>\n<p>Cookies t\u00e9cnicas: Son aqu\u00e9llas que bien tratadas por nosotros o por terceros, permiten al usuario la navegaci\u00f3n a trav\u00e9s nuestra p\u00e1gina web y la utilizaci\u00f3n de las diferentes opciones o servicios de las mismas, como complementos (plug-in) para intercambiar contenidos sociales, autenticaci\u00f3n o identificaci\u00f3n de usuario o sesiones de reproductor multimedia.<\/p>\n<p>Cookies de personalizaci\u00f3n: Son aqu\u00e9llas que bien tratadas por nosotros o por terceros, permiten al usuario acceder al servicio con algunas caracter\u00edsticas de car\u00e1cter general predefinidas en funci\u00f3n de una serie de criterios en el terminal del usuario, como el idioma preestablecido en que se muestra la p\u00e1gina web.<\/p>\n<p>3.        Desactivaci\u00f3n o eliminaci\u00f3n de cookies<\/p>\n<p>Puede usted permitir, bloquear o eliminar las cookies instaladas en su equipo mediante la configuraci\u00f3n de las opciones del navegador instalado en su ordenador\/tablet\/smartphone.<\/p>\n<p>Para m\u00e1s informaci\u00f3n sobre Internet Explorer pulse aqu\u00ed.<\/p>\n<p>Para m\u00e1s informaci\u00f3n sobre Google Chrome pulse aqu\u00ed.<\/p>\n<p>Para m\u00e1s informaci\u00f3n sobre Firefox pulse aqu\u00ed.<\/p>\n<p>Para m\u00e1s informaci\u00f3n sobre Safari pulse aqu\u00ed.<\/p>\n<p>Para m\u00e1s informaci\u00f3n sobre Opera pulse aqu\u00ed.<\/p>\n<p>4.        Utilizaci\u00f3n de las cookies<\/p>\n<p>En este sitio web tambi\u00e9n utilizamos cookies de terceros para analizar informaci\u00f3n de la navegaci\u00f3n, permitir compartir contenidos en redes sociales y la reproducci\u00f3n de videos alojados en otro sitio web. En los siguientes enlaces puede consultar la pol\u00edtica de cookies de cada una de estas entidades:<\/p>\n<p>Google Analytics, consultar los siguientes enlaces:<br \/>\nhttps:\/\/developers.google.com\/analytics\/devguides\/collection\/analyticsjs\/cookie-usage<br \/>\nhttps:\/\/www.google.com\/analytics\/learn\/privacy.html<br \/>\nhttps:\/\/www.google.com\/intl\/en-US\/policies\/technologies\/cookies\/<br \/>\nTwitter, consultar el siguiente enlace: https:\/\/support.twitter.com\/articles\/20170521#<br \/>\nLinkedin, consultar el siguiente enlace: https:\/\/www.linkedin.com\/legal\/cookie-policy?trk=uno-reg-guest-home-cookie-policy<br \/>\nFacebook, consultar el siguiente enlace: https:\/\/es-es.facebook.com\/help\/cookies\/?ref=sitefooter<br \/>\n5.        Consentimiento<\/p>\n<p>Al navegar por nuestro sitio web, Ud. acepta la instalaci\u00f3n y utilizaci\u00f3n de las cookies.<\/p>\n<p>Ud. puede retirar su consentimiento previamente otorgado en cualquier momento eliminando las cookies instaladas en su equipo mediante la configuraci\u00f3n de las opciones del navegador, tal como se indica en el apartado \u201cdesactivaci\u00f3n o eliminaci\u00f3n de cookies\u201d. No obstante, le informamos que ello puede impactar en las funcionalidades de la web o aplicaci\u00f3n, haciendo su experiencia como usuario menos satisfactoria.<\/p>\n","protected":false},"excerpt":{"rendered":"<p>1. \u00bfQu\u00e9 es una cookie? Una cookie es un fichero que se descarga en su ordenador\/tablet\/smartphone al acceder a determinadas p\u00e1ginas web y\/o aplicaciones. Las cookies permiten, entre otras cosas, almacenar y recuperar informaci\u00f3n sobre los h\u00e1bitos de navegaci\u00f3n de un usuario o de su equipo y, dependiendo de la informaci\u00f3n que contengan y de&#8230;<\/p>\n","protected":false},"author":1,"featured_media":0,"parent":0,"menu_order":0,"comment_status":"closed","ping_status":"closed","template":"","meta":{"footnotes":""},"class_list":["post-6454","page","type-page","status-publish","hentry"],"_links":{"self":[{"href":"https:\/\/human-towers.com\/es\/wp-json\/wp\/v2\/pages\/6454"}],"collection":[{"href":"https:\/\/human-towers.com\/es\/wp-json\/wp\/v2\/pages"}],"about":[{"href":"https:\/\/human-towers.com\/es\/wp-json\/wp\/v2\/types\/page"}],"author":[{"embeddable":true,"href":"https:\/\/human-towers.com\/es\/wp-json\/wp\/v2\/users\/1"}],"replies":[{"embeddable":true,"href":"https:\/\/human-towers.com\/es\/wp-json\/wp\/v2\/comments?post=6454"}],"version-history":[{"count":1,"href":"https:\/\/human-towers.com\/es\/wp-json\/wp\/v2\/pages\/6454\/revisions"}],"predecessor-version":[{"id":6455,"href":"https:\/\/human-towers.com\/es\/wp-json\/wp\/v2\/pages\/6454\/revisions\/6455"}],"wp:attachment":[{"href":"https:\/\/human-towers.com\/es\/wp-json\/wp\/v2\/media?parent=6454"}],"curies":[{"name":"wp","href":"https:\/\/api.w.org\/{rel}","templated":true}]}}