{"id":6392,"date":"2016-04-25T10:14:59","date_gmt":"2016-04-25T10:14:59","guid":{"rendered":"https:\/\/human-towers.com\/es\/?page_id=6392"},"modified":"2023-11-06T15:01:03","modified_gmt":"2023-11-06T13:01:03","slug":"contacto","status":"publish","type":"page","link":"https:\/\/human-towers.com\/es\/contacto\/","title":{"rendered":"Contacto"},"content":{"rendered":"<section class=\"l-section wpb_row height_huge\"><div class=\"l-section-h i-cf\"><div class=\"g-cols offset_medium\"><div class=\" full-width\"><div class=\"g-cols wpb_row offset_small vc_inner \"><div class=\" one-third\"><div class=\"wpb_text_column \"><div class=\"wpb_wrapper\">\n<h3><strong>S\u00edguenos<\/strong><\/h3>\n<\/div> <\/div> <div class=\"w-socials size_medium align_left style_colored index_1\"><div class=\"w-socials-list\"><div class=\"w-socials-item twitter\">\r\n\t\t\t\t<a class=\"w-socials-item-link\" target=\"_blank\" href=\"https:\/\/twitter.com\/HumanTower?lang=en\" rel=\"noopener\">\r\n\t\t\t\t\t<span class=\"w-socials-item-link-hover\"><\/span>\r\n\t\t\t\t<\/a>\r\n\t\t\t\t<div class=\"w-socials-item-popup\">\r\n\t\t\t\t\t<span>Twitter<\/span>\r\n\t\t\t\t<\/div>\r\n\t\t\t<\/div><\/div><\/div><div class=\"w-separator type_invisible size_medium thick_1 style_solid color_border cont_none\"><span class=\"w-separator-h\"><\/span><\/div><div class=\"wpb_text_column \"><div class=\"wpb_wrapper\">\n<h3><strong>Informaci\u00f3n de contacto<\/strong><\/h3>\n<\/div> <\/div> <div class=\"w-contacts\"><div class=\"w-contacts-list\"><div class=\"w-contacts-item for_address\"><span class=\"w-contacts-item-value\">Barcelona<\/span><\/div><div class=\"w-contacts-item for_phone\"><span class=\"w-contacts-item-value\">670275685<\/span><\/div><div class=\"w-contacts-item for_email\"><span class=\"w-contacts-item-value\"><a href=\"mailto:info@human-towers.com\">info@human-towers.com<\/a><\/span><\/div><\/div><\/div><\/div><div class=\" two-thirds\"><div class=\"wpb_text_column \"><div class=\"wpb_wrapper\">\n<h3><strong>Escr\u00edbenos<\/strong><\/h3>\n<p>Te responderemos lo antes posible<\/div> <\/div> [vc_raw_html]JTVCY29udGFjdC1mb3JtLTclMjBpZCUzRCUyMjUxYzFmMjIlMjIlMjB0aXRsZSUzRCUyMkNvbnRhY3RvJTIyJTVE[\/vc_raw_html]<\/div><\/div><\/div><\/div><\/div><\/section>\n","protected":false},"excerpt":{"rendered":"S\u00edguenos Twitter Informaci\u00f3n de contacto Barcelona670275685info@human-towers.com Escr\u00edbenos Te responderemos lo antes posible [vc_raw_html]JTVCY29udGFjdC1mb3JtLTclMjBpZCUzRCUyMjUxYzFmMjIlMjIlMjB0aXRsZSUzRCUyMkNvbnRhY3RvJTIyJTVE[\/vc_raw_html]","protected":false},"author":1,"featured_media":0,"parent":0,"menu_order":0,"comment_status":"closed","ping_status":"closed","template":"","meta":{"footnotes":""},"class_list":["post-6392","page","type-page","status-publish","hentry"],"_links":{"self":[{"href":"https:\/\/human-towers.com\/es\/wp-json\/wp\/v2\/pages\/6392"}],"collection":[{"href":"https:\/\/human-towers.com\/es\/wp-json\/wp\/v2\/pages"}],"about":[{"href":"https:\/\/human-towers.com\/es\/wp-json\/wp\/v2\/types\/page"}],"author":[{"embeddable":true,"href":"https:\/\/human-towers.com\/es\/wp-json\/wp\/v2\/users\/1"}],"replies":[{"embeddable":true,"href":"https:\/\/human-towers.com\/es\/wp-json\/wp\/v2\/comments?post=6392"}],"version-history":[{"count":6,"href":"https:\/\/human-towers.com\/es\/wp-json\/wp\/v2\/pages\/6392\/revisions"}],"predecessor-version":[{"id":7163,"href":"https:\/\/human-towers.com\/es\/wp-json\/wp\/v2\/pages\/6392\/revisions\/7163"}],"wp:attachment":[{"href":"https:\/\/human-towers.com\/es\/wp-json\/wp\/v2\/media?parent=6392"}],"curies":[{"name":"wp","href":"https:\/\/api.w.org\/{rel}","templated":true}]}}