{"id":6375,"date":"2016-04-25T09:32:59","date_gmt":"2016-04-25T09:32:59","guid":{"rendered":"https:\/\/human-towers.com\/es\/?page_id=6375"},"modified":"2025-01-16T13:39:52","modified_gmt":"2025-01-16T11:39:52","slug":"nosotros","status":"publish","type":"page","link":"https:\/\/human-towers.com\/es\/nosotros\/","title":{"rendered":"Nosotros"},"content":{"rendered":"<section class=\"l-section wpb_row height_medium color_primary with_img parallax_ver with_overlay\"><div class=\"l-section-img\" style=\"background-image: url(https:\/\/human-towers.com\/wp-content\/uploads\/castellers_1.jpg);\" data-img-width=\"1500\" data-img-height=\"996\"><\/div><div class=\"l-section-overlay\" style=\"background-color: rgba(0,0,0,0.7)\"><\/div><div class=\"l-section-h i-cf\"><div class=\"g-cols offset_small\"><div class=\" full-width\"><div class=\"w-separator type_invisible size_huge thick_1 style_solid color_border cont_none\"><span class=\"w-separator-h\"><\/span><\/div><div class=\"wpb_text_column \"><div class=\"wpb_wrapper\">\n<h1 style=\"text-align: center;\"><strong>Human Team Building surge de una idea compartida por diferentes profesionales en materia de coaching y relacionados directamente con el mundo de los \u201ccastells\u201d.<\/strong><\/h1>\n<\/div> <\/div> <div class=\"w-separator type_invisible size_huge thick_1 style_solid color_border cont_none\"><span class=\"w-separator-h\"><\/span><\/div><\/div><\/div><\/div><\/section><section class=\"l-section wpb_row height_medium\"><div class=\"l-section-h i-cf\"><div class=\"g-cols offset_small\"><div class=\" full-width\"><div class=\"wpb_text_column \"><div class=\"wpb_wrapper\">\n<h2 style=\"text-align: center;\">Nuestro equipo<\/h2>\n<\/div> <\/div> <div class=\"w-separator type_invisible size_medium thick_1 style_solid color_border cont_none\"><span class=\"w-separator-h\"><\/span><\/div><div class=\"g-cols wpb_row offset_small vc_inner \"><div class=\" one-third animate_afc\"><div class=\"w-person layout_toplinks with_icons\"><div class=\"w-person-image\"><img loading=\"lazy\" decoding=\"async\" src=\"https:\/\/human-towers.com\/wp-content\/uploads\/Capture-1-350x350.jpg\" width=\"350\" height=\"350\" alt=\"Rafa Cos\u00edn\"><div class=\"w-person-links\"><div class=\"w-person-links-list\"><a class=\"w-person-links-item\" href=\"mailto:rafa@human-towers.com\"><i class=\"fa fa-envelope\"><\/i><\/a><a class=\"w-person-links-item\" href=\"https:\/\/twitter.com\/rafcosin\" target=\"_blank\" rel=\"noopener\"><i class=\"fa fa-twitter\"><\/i><\/a><\/div><\/div><\/div><div class=\"w-person-content\"><h4 class=\"w-person-name\"><span>Rafa Cos\u00edn<\/span><\/h4><div class=\"w-person-description\">Casteller la Colla Jove de Castellers de Sitges, con quince a\u00f1os de experiencia y diversos cargos en las juntas directiva y t\u00e9cnica de la colla.<\/div><\/div><\/div><\/div><div class=\" one-third animate_afc d1\"><div class=\"w-person layout_toplinks with_icons\"><div class=\"w-person-image\"><div class=\"w-person-links\"><div class=\"w-person-links-list\"><a class=\"w-person-links-item\" href=\"mailto:info@human-towers.com\"><i class=\"fa fa-envelope\"><\/i><\/a><a class=\"w-person-links-item\" href=\"https:\/\/twitter.com\/Mvericat\" target=\"_blank\" rel=\"noopener\"><i class=\"fa fa-twitter\"><\/i><\/a><a class=\"w-person-links-item\" href=\"https:\/\/es.linkedin.com\/in\/mvericat\" target=\"_blank\" rel=\"noopener\"><i class=\"fa fa-linkedin\"><\/i><\/a><\/div><\/div><\/div><div class=\"w-person-content\"><h4 class=\"w-person-name\"><span>Manel Vericat<\/span><\/h4><div class=\"w-person-description\">Fundador de Simplify Your Business y creador de Bobby Coach, aplicaci\u00f3n web para Coaches profesionales y coach co-activo certificado per ICF. Con m\u00e1s de diez a\u00f1os de experiencia en formaci\u00f3n acad\u00e9mica y certificado en herramientas PNL y coaching coactivo.<\/div><\/div><\/div><\/div><div class=\" one-third animate_afc d2\"><div class=\"w-person layout_toplinks with_icons\"><div class=\"w-person-image\"><img loading=\"lazy\" decoding=\"async\" src=\"https:\/\/human-towers.com\/wp-content\/uploads\/WhatsApp-Image-2023-02-21-at-16.58.02-350x350.jpeg\" width=\"350\" height=\"350\" alt=\"M\u00f2nica Aguilar\"><div class=\"w-person-links\"><div class=\"w-person-links-list\"><a class=\"w-person-links-item\" href=\"https:\/\/www.linkedin.com\/in\/m%C3%B2nica-aguilar\/\" target=\"_blank\" rel=\"noopener\"><i class=\"fa fa-linkedin\"><\/i><\/a><\/div><\/div><\/div><div class=\"w-person-content\"><h4 class=\"w-person-name\"><span>M\u00f2nica Aguilar<\/span><\/h4><div class=\"w-person-role\">Lord Commander<\/div><div class=\"w-person-description\">Responsable y coordinadora de Human Team Building. Tambi\u00e9n lidera la gesti\u00f3n de Symplifyourbusiness con una s\u00f3lida experiencia en marketing digital y competencias digitales.<\/div><\/div><\/div><\/div><\/div><div class=\"w-separator type_invisible size_medium thick_1 style_solid color_border cont_none\"><span class=\"w-separator-h\"><\/span><\/div><div class=\"g-cols wpb_row offset_small vc_inner \"><div class=\" one-third animate_afc\"><div class=\"w-person layout_toplinks with_icons\"><div class=\"w-person-image\"><img loading=\"lazy\" decoding=\"async\" src=\"https:\/\/human-towers.com\/wp-content\/uploads\/Capture2-350x350.jpg\" width=\"350\" height=\"350\" alt=\"Raquel Calvo\"><div class=\"w-person-links\"><div class=\"w-person-links-list\"><a class=\"w-person-links-item\" href=\"mailto:info@human-towers.com\"><i class=\"fa fa-envelope\"><\/i><\/a><a class=\"w-person-links-item\" href=\"https:\/\/www.linkedin.com\/in\/raquelcalvogomez\" target=\"_blank\" rel=\"noopener\"><i class=\"fa fa-linkedin\"><\/i><\/a><\/div><\/div><\/div><div class=\"w-person-content\"><h4 class=\"w-person-name\"><span>Raquel Calvo<\/span><\/h4><div class=\"w-person-description\">Raquel desarrolla su actividad profesional como consultora y coach especialista en transformaciones profesionales y personales.<\/p>\n<p>Adem\u00e1s de coaching individual, Raquel realiza talleres vivenciales de creatividad, inteligencia emocional, liderazgo, gesti\u00f3n de conflictos y habilidades directivas integrando herramientas de coaching y artes expresivas.<\/div><\/div><\/div><\/div><div class=\" one-third animate_afc d1\"><div class=\"w-person layout_toplinks with_icons\"><div class=\"w-person-image\"><img loading=\"lazy\" decoding=\"async\" src=\"https:\/\/human-towers.com\/wp-content\/uploads\/JAUME-350x350.jpg\" width=\"350\" height=\"350\" alt=\"Jaume Roset\"><div class=\"w-person-links\"><div class=\"w-person-links-list\"><a class=\"w-person-links-item\" href=\"mailto:info@human-towers.com\"><i class=\"fa fa-envelope\"><\/i><\/a><a class=\"w-person-links-item\" href=\"https:\/\/www.linkedin.com\/in\/jaume-roset-0a84165\" target=\"_blank\" rel=\"noopener\"><i class=\"fa fa-linkedin\"><\/i><\/a><\/div><\/div><\/div><div class=\"w-person-content\"><h4 class=\"w-person-name\"><span>Jaume Roset<\/span><\/h4><div class=\"w-person-description\">Desde 2009 Jaume se coach profesional (ejecutivo y de vida) y especialista en Crecimiento personal. Colabora regularmente como coach ejecutivo en el IESE Business School, donde Trabaja con Ejecutivos y managers en el desenvolupament de sobre Habilidades directivas y de liderazgo.<\/div><\/div><\/div><\/div><div class=\" one-third animate_afc d2\"><\/div><\/div><div class=\"w-separator type_invisible size_medium thick_1 style_solid color_border cont_none\"><span class=\"w-separator-h\"><\/span><\/div><\/div><\/div><\/div><\/section><section class=\"l-section wpb_row height_medium color_alternate\"><div class=\"l-section-h i-cf\"><div class=\"g-cols offset_small\"><div class=\" full-width\"><div class=\"wpb_text_column \"><div class=\"wpb_wrapper\">\n<h2 style=\"text-align: center;\">Nuestros clientes<\/h2>\n<\/div> <\/div> <div class=\"w-logos style_1 nav_arrows with_indents type_carousel cols_4\"><div class=\"w-logos-list\" data-items=\"4\" data-autoplay=\"1\" data-timeout=\"2000\" data-nav=\"1\"><a class=\"w-logos-item\" href=\"https:\/\/essentiabcn.com\/\" target=\"_blank\" rel=\"noopener\"><img loading=\"lazy\" decoding=\"async\" src=\"https:\/\/human-towers.com\/wp-content\/uploads\/essentia-logo-web-300x84.png\" width=\"300\" height=\"84\" alt=\"\"><\/a><a class=\"w-logos-item\" href=\"https:\/\/www.crbard.com\/Home.html\" target=\"_blank\" rel=\"noopener\"><img loading=\"lazy\" decoding=\"async\" src=\"https:\/\/human-towers.com\/wp-content\/uploads\/bard-300x300.png\" width=\"300\" height=\"300\" alt=\"\"><\/a><a class=\"w-logos-item\" href=\"https:\/\/flpconsult.com\/es\/\" target=\"_blank\" rel=\"noopener\"><img loading=\"lazy\" decoding=\"async\" src=\"https:\/\/human-towers.com\/wp-content\/uploads\/flpconsult-05-300x300.png\" width=\"300\" height=\"300\" alt=\"\"><\/a><a class=\"w-logos-item\" href=\"https:\/\/www.dfepharma.com\/\" target=\"_blank\" rel=\"noopener\"><img loading=\"lazy\" decoding=\"async\" src=\"https:\/\/human-towers.com\/wp-content\/uploads\/dmv-fe-logo.gif\" width=\"195\" height=\"45\" alt=\"\"><\/a><a class=\"w-logos-item\" href=\"https:\/\/psf.ad\/es\" target=\"_blank\" rel=\"noopener\"><img loading=\"lazy\" decoding=\"async\" src=\"https:\/\/human-towers.com\/wp-content\/uploads\/PSF-logo.jpg\" width=\"200\" height=\"200\" alt=\"\"><\/a><a class=\"w-logos-item\" href=\"https:\/\/www.vicensvives.com\/vvweb\/view\/pages\/p01\/load.php?id=13&#038;lang=es\" target=\"_blank\" rel=\"noopener\"><img loading=\"lazy\" decoding=\"async\" src=\"https:\/\/human-towers.com\/wp-content\/uploads\/logo-vicens-vives.gif\" width=\"166\" height=\"92\" alt=\"\"><\/a><a class=\"w-logos-item\" href=\"https:\/\/www.manycolors.com\/en\/\" target=\"_blank\" rel=\"noopener\"><img loading=\"lazy\" decoding=\"async\" src=\"https:\/\/human-towers.com\/wp-content\/uploads\/home-manycolors-300x57.png\" width=\"300\" height=\"57\" alt=\"\"><\/a><a class=\"w-logos-item\" href=\"https:\/\/minvestgrup.com\/\" target=\"_blank\" rel=\"noopener\"><img loading=\"lazy\" decoding=\"async\" src=\"https:\/\/human-towers.com\/wp-content\/uploads\/Minvest-positiu-300x52.png\" width=\"300\" height=\"52\" alt=\"\"><\/a><a class=\"w-logos-item\" href=\"https:\/\/twobuddies.net\/es\" target=\"_blank\" rel=\"noopener\"><img loading=\"lazy\" decoding=\"async\" src=\"https:\/\/human-towers.com\/wp-content\/uploads\/TB_logo-300x126.jpg\" width=\"300\" height=\"126\" alt=\"\"><\/a><a class=\"w-logos-item\" href=\"https:\/\/www.iese.edu\/es\/index-default.html\" target=\"_blank\" rel=\"noopener\"><img loading=\"lazy\" decoding=\"async\" src=\"https:\/\/human-towers.com\/wp-content\/uploads\/IESE_logo2-300x191.png\" width=\"300\" height=\"191\" alt=\"\"><\/a><a class=\"w-logos-item\" href=\"https:\/\/nativewalks.com\/en\/\" target=\"_blank\" rel=\"noopener\"><img loading=\"lazy\" decoding=\"async\" src=\"https:\/\/human-towers.com\/wp-content\/uploads\/nativewalks-bcn-logo-e1461573742276.jpg\" width=\"150\" height=\"150\" alt=\"\"><\/a><\/div><\/div><\/div><\/div><\/div><\/section><section class=\"l-section wpb_row height_medium color_secondary\"><div class=\"l-section-h i-cf\"><div class=\"g-cols offset_small\"><div class=\" full-width animate_fade\"><div class=\"w-actionbox color_secondary controls_right\"><div class=\"w-actionbox-text\"><h2>\u00bfTienes alguna petici\u00f3n especial?<\/h2><\/div><div class=\"w-actionbox-controls\"><a class=\"w-btn color_white style_outlined size_large icon_none\" href=\"\/contact\/\"><span class=\"w-btn-label\">Contacta con nosotros<\/span><\/a><\/div><\/div><\/div><\/div><\/div><\/section>\n","protected":false},"excerpt":{"rendered":"","protected":false},"author":1,"featured_media":0,"parent":0,"menu_order":0,"comment_status":"closed","ping_status":"closed","template":"","meta":{"footnotes":""},"class_list":["post-6375","page","type-page","status-publish","hentry"],"_links":{"self":[{"href":"https:\/\/human-towers.com\/es\/wp-json\/wp\/v2\/pages\/6375"}],"collection":[{"href":"https:\/\/human-towers.com\/es\/wp-json\/wp\/v2\/pages"}],"about":[{"href":"https:\/\/human-towers.com\/es\/wp-json\/wp\/v2\/types\/page"}],"author":[{"embeddable":true,"href":"https:\/\/human-towers.com\/es\/wp-json\/wp\/v2\/users\/1"}],"replies":[{"embeddable":true,"href":"https:\/\/human-towers.com\/es\/wp-json\/wp\/v2\/comments?post=6375"}],"version-history":[{"count":11,"href":"https:\/\/human-towers.com\/es\/wp-json\/wp\/v2\/pages\/6375\/revisions"}],"predecessor-version":[{"id":7448,"href":"https:\/\/human-towers.com\/es\/wp-json\/wp\/v2\/pages\/6375\/revisions\/7448"}],"wp:attachment":[{"href":"https:\/\/human-towers.com\/es\/wp-json\/wp\/v2\/media?parent=6375"}],"curies":[{"name":"wp","href":"https:\/\/api.w.org\/{rel}","templated":true}]}}