{"id":6362,"date":"2016-04-25T09:04:35","date_gmt":"2016-04-25T09:04:35","guid":{"rendered":"https:\/\/human-towers.com\/es\/?page_id=6362"},"modified":"2022-09-06T15:18:37","modified_gmt":"2022-09-06T13:18:37","slug":"inicio","status":"publish","type":"page","link":"https:\/\/human-towers.com\/es\/","title":{"rendered":"Inicio"},"content":{"rendered":"<section class=\"l-section wpb_row height_auto width_full color_alternate\"><div class=\"l-section-h i-cf\"><div class=\"g-cols offset_small\"><div class=\" full-width\">[rev_slider_vc alias=\u00bbmain-esp\u00bb]<\/div><\/div><\/div><\/section><section class=\"l-section wpb_row height_huge with_overlay\"><div class=\"l-section-overlay\" style=\"background-color: #ffffff\"><\/div><div class=\"l-section-h i-cf\"><div class=\"g-cols offset_medium\"><div class=\" one-half animate_afb\">[vc_custom_heading text=\u00bbAS\u00cd TRABAJAMOS\u00bb font_container=\u00bbtag:div|font_size:18px|text_align:left\u00bb use_theme_fonts=\u00bbyes\u00bb]<div class=\"wpb_text_column \"><div class=\"wpb_wrapper\">\n<h2><strong>Un taller distinto<\/strong><\/h2>\n<h3>Esta es la experiencia que te ofrecemos<\/h3>\n<p>Una nueva forma de experimentar el liderazgo desde la experiencia, un taller en el que todos los participantes forman parte de un equipo en el que todos colaboran, aprenden, importan. El uso del hecho \u00abCasteller\u00bb proporciona un punto de vista eminentemente pr\u00e1ctico.<\/div> <\/div> <div class=\"w-separator type_invisible size_small thick_1 style_solid color_border cont_none\"><span class=\"w-separator-h\"><\/span><\/div><div class=\"w-btn-wrapper align_left\"><a class=\"w-btn style_outlined size_large color_contrast icon_none\" href=\"http:\/\/human-towers.com\/es\/portfolio\/human-team-building\/\" title=\"Human Team Building\"><span class=\"w-btn-label\">M\u00c1S INFORMACI\u00d3N<\/span><\/a><\/div><\/div><div class=\" one-half animate_fade d1  vc_custom_1461426966245 no-mobile\">[vc_empty_space height=\u00bb120px\u00bb]<div class=\"wpb_text_column  big-blue-light\"><div class=\"wpb_wrapper\"><p>01<\/p><\/div> <\/div> <\/div><\/div><\/div><\/section><!-- Row Backgrounds --><div class=\"upb_bg_img\" data-ultimate-bg=\"url(https:\/\/human-towers.com\/wp-content\/uploads\/equip-lideratge.jpg)\" data-image-id=\"id^5911|url^https:\/\/human-towers.com\/wp-content\/uploads\/equip-lideratge.jpg|caption^null|alt^null|title^equip-lideratge|description^null\" data-ultimate-bg-style=\"vcpb-default\" data-bg-img-repeat=\"repeat\" data-bg-img-size=\"cover\" data-bg-img-position=\"\" data-parallx_sense=\"30\" data-bg-override=\"full\" data-bg_img_attach=\"scroll\" data-upb-overlay-color=\"\" data-upb-bg-animation=\"\" data-fadeout=\"\" data-bg-animation=\"left-animation\" data-bg-animation-type=\"h\" data-animation-repeat=\"repeat\" data-fadeout-percentage=\"30\" data-parallax-content=\"\" data-parallax-content-sense=\"30\" data-row-effect-mobile-disable=\"true\" data-img-parallax-mobile-disable=\"true\" data-rtl=\"false\"  data-custom-vc-row=\"\"  data-vc=\"7.9\"  data-is_old_vc=\"\"  data-theme-support=\"\"   data-overlay=\"false\" data-overlay-color=\"\" data-overlay-pattern=\"\" data-overlay-pattern-opacity=\"\" data-overlay-pattern-size=\"\"    ><\/div><section class=\"l-section wpb_row height_huge color_custom with_img parallax_ver with_overlay\" style=\"background-color: #ffffff; color: #ffffff;\"><div class=\"l-section-img\" style=\"background-image: url(https:\/\/human-towers.com\/wp-content\/uploads\/H.jpg);background-repeat: no-repeat;\" data-img-width=\"1024\" data-img-height=\"685\"><\/div><div class=\"l-section-overlay\" style=\"background-color: rgba(0,0,0,0.36)\"><\/div><div class=\"l-section-h i-cf\"><div class=\"g-cols offset_medium\"><div class=\" one-half animate_afb no-mobile\">[vc_empty_space height=\u00bb150px\u00bb]<div class=\"wpb_text_column  big-orange-light\"><div class=\"wpb_wrapper\"><p>02<\/p><\/div> <\/div> <\/div><div class=\" one-half animate_fade d1  vc_custom_1461249741722\">[vc_custom_heading text=\u00bbEL HECHO CASTELLER\u00bb font_container=\u00bbtag:div|font_size:18px|text_align:left\u00bb use_theme_fonts=\u00bbyes\u00bb]<div class=\"wpb_text_column \"><div class=\"wpb_wrapper\">\n<h2><a href=\"https:\/\/human-towers.com\/es\/portfolio\/human-team-building\/\"><strong>Human Team Building<\/strong><\/a><\/h2>\n<h3>\u00abCastells\u00bb y empresa<\/h3>\n<p>Hay una serie de elementos existentes en el hecho casteller que pueden ser aplicables al mundo empresarial para mejorar el funcionamiento de una empresa, sea cual sea el tama\u00f1o de \u00e9sta.<\/p>\n<p>Entre estas buenas pr\u00e1cticas de jefes de grupo, castellers y grupos que se pueden extrapolar a la empresa para desarrollar al m\u00e1ximo el potencial de las personas, los equipos y la propia empresa.<\/div> <\/div> <div class=\"w-separator type_invisible size_small thick_1 style_solid color_border cont_none\"><span class=\"w-separator-h\"><\/span><\/div><div class=\"w-btn-wrapper align_left\"><a class=\"w-btn style_outlined size_large color_white icon_none\" href=\"http:\/\/human-towers.com\/es\/portfolio\/human-team-building\/\" title=\"Human Team Building\"><span class=\"w-btn-label\">M\u00c9S INFORMACI\u00d3<\/span><\/a><\/div><\/div><\/div><\/div><\/section><!-- Row Backgrounds --><div class=\"upb_bg_img\" data-ultimate-bg=\"url(https:\/\/human-towers.com\/wp-content\/uploads\/equip-lideratge.jpg)\" data-image-id=\"id^5911|url^https:\/\/human-towers.com\/wp-content\/uploads\/equip-lideratge.jpg|caption^null|alt^null|title^equip-lideratge|description^null\" data-ultimate-bg-style=\"vcpb-default\" data-bg-img-repeat=\"repeat\" data-bg-img-size=\"cover\" data-bg-img-position=\"\" data-parallx_sense=\"30\" data-bg-override=\"full\" data-bg_img_attach=\"scroll\" data-upb-overlay-color=\"\" data-upb-bg-animation=\"\" data-fadeout=\"\" data-bg-animation=\"left-animation\" data-bg-animation-type=\"h\" data-animation-repeat=\"repeat\" data-fadeout-percentage=\"30\" data-parallax-content=\"\" data-parallax-content-sense=\"30\" data-row-effect-mobile-disable=\"true\" data-img-parallax-mobile-disable=\"true\" data-rtl=\"false\"  data-custom-vc-row=\"\"  data-vc=\"7.9\"  data-is_old_vc=\"\"  data-theme-support=\"\"   data-overlay=\"false\" data-overlay-color=\"\" data-overlay-pattern=\"\" data-overlay-pattern-opacity=\"\" data-overlay-pattern-size=\"\"    ><\/div><section class=\"l-section wpb_row height_huge with_overlay\"><div class=\"l-section-overlay\" style=\"background-color: #ffffff\"><\/div><div class=\"l-section-h i-cf\"><div class=\"g-cols offset_medium\"><div class=\" one-half animate_afb\">[vc_custom_heading text=\u00bbBENEFICIOS\u00bb font_container=\u00bbtag:div|font_size:18px|text_align:left\u00bb use_theme_fonts=\u00bbyes\u00bb]<div class=\"wpb_text_column \"><div class=\"wpb_wrapper\">\n<h2><a href=\"https:\/\/human-towers.com\/es\/portfolio\/contractacion-de-una-exhibicion-castellera\/\"><strong>Ejemplo de un modelo<\/strong><\/a><\/h2>\n<h3>La relaci\u00f3n del hecho casteller con la empresa<\/h3>\n<p>El hecho casteller promueve el civismo, principalmente porque fomenta y pone de manifiesto un conjunto de valores humanos que deber\u00edan ser fundamentales en nuestra sociedad:<\/div> <\/div> <div class=\"uavc-list-icon uavc-list-icon-wrapper ult-adjust-bottom-margin   \"><ul class=\"uavc-list\"><li><div class=\"uavc-list-content\" id=\"list-icon-wrap-2877\">\n<div class=\"uavc-list-icon  \" data-animation=\"\" data-animation-delay=\"03\" style=\"margin-right:9px;\"><div class=\"ult-just-icon-wrapper  \"><div class=\"align-icon\" style=\"text-align:center;\">\n<div class=\"aio-icon none \"  style=\"color:#333333;font-size:17px;display:inline-block;\">\n\t<i class=\"Defaults-check\"><\/i>\n<\/div><\/div><\/div>\n<\/div><span  data-ultimate-target='#list-icon-wrap-2877 .uavc-list-desc'  data-responsive-json-new='{\"font-size\":\"\",\"line-height\":\"\"}'  class=\"uavc-list-desc ult-responsive\" style=\"\">Trabajo en equipo<\/span><\/div><\/li><li><div class=\"uavc-list-content\" id=\"list-icon-wrap-9369\">\n<div class=\"uavc-list-icon  \" data-animation=\"\" data-animation-delay=\"03\" style=\"margin-right:9px;\"><div class=\"ult-just-icon-wrapper  \"><div class=\"align-icon\" style=\"text-align:center;\">\n<div class=\"aio-icon none \"  style=\"color:#333333;font-size:17px;display:inline-block;\">\n\t<i class=\"Defaults-check\"><\/i>\n<\/div><\/div><\/div>\n<\/div><span  data-ultimate-target='#list-icon-wrap-9369 .uavc-list-desc'  data-responsive-json-new='{\"font-size\":\"\",\"line-height\":\"\"}'  class=\"uavc-list-desc ult-responsive\" style=\"\">Compromiso hacia el colectivo<\/span><\/div><\/li><li><div class=\"uavc-list-content\" id=\"list-icon-wrap-5076\">\n<div class=\"uavc-list-icon  \" data-animation=\"\" data-animation-delay=\"03\" style=\"margin-right:9px;\"><div class=\"ult-just-icon-wrapper  \"><div class=\"align-icon\" style=\"text-align:center;\">\n<div class=\"aio-icon none \"  style=\"color:#333333;font-size:17px;display:inline-block;\">\n\t<i class=\"Defaults-check\"><\/i>\n<\/div><\/div><\/div>\n<\/div><span  data-ultimate-target='#list-icon-wrap-5076 .uavc-list-desc'  data-responsive-json-new='{\"font-size\":\"\",\"line-height\":\"\"}'  class=\"uavc-list-desc ult-responsive\" style=\"\">Tolerancia<\/span><\/div><\/li><li><div class=\"uavc-list-content\" id=\"list-icon-wrap-5951\">\n<div class=\"uavc-list-icon  \" data-animation=\"\" data-animation-delay=\"03\" style=\"margin-right:9px;\"><div class=\"ult-just-icon-wrapper  \"><div class=\"align-icon\" style=\"text-align:center;\">\n<div class=\"aio-icon none \"  style=\"color:#333333;font-size:17px;display:inline-block;\">\n\t<i class=\"Defaults-check\"><\/i>\n<\/div><\/div><\/div>\n<\/div><span  data-ultimate-target='#list-icon-wrap-5951 .uavc-list-desc'  data-responsive-json-new='{\"font-size\":\"\",\"line-height\":\"\"}'  class=\"uavc-list-desc ult-responsive\" style=\"\">Solidaridad y esp\u00edritu de superaci\u00f3n<\/span><\/div><\/li><\/ul><\/div><div class=\"wpb_text_column \"><div class=\"wpb_wrapper\"><p>Todos estos valores tienen un alto contenido pedag\u00f3gico en general y, en particular, en el mundo de la empresa. La asamblea de la Coordinadora de \u00abColles Castelleres de Catalunya\u00bb, celebrada el d\u00eda 25 de marzo de 2012 en Molins de Rei, aprob\u00f3 pr\u00e1cticamente por unanimidad el documento \u00abLos valores sociales del hecho casteller\u00bb. <\/p><\/div> <\/div> <div class=\"w-separator type_invisible size_small thick_1 style_solid color_border cont_none\"><span class=\"w-separator-h\"><\/span><\/div><div class=\"w-btn-wrapper align_left\"><a class=\"w-btn style_outlined size_large color_contrast icon_none\" href=\"http:\/\/human-towers.com\/es\/portfolio\/human-team-building\/\" title=\"Human Team Building\"><span class=\"w-btn-label\">M\u00c9S INFORMACI\u00d3<\/span><\/a><\/div><\/div><div class=\" one-half animate_fade d1  vc_custom_1461426985139 no-mobile\">[vc_empty_space height=\u00bb240px\u00bb]<div class=\"wpb_text_column  big-green-light\"><div class=\"wpb_wrapper\"><p>03<\/p><\/div> <\/div> <\/div><\/div><\/div><\/section><!-- Row Backgrounds --><section class=\"l-section wpb_row height_auto width_full color_alternate with_img parallax_ver parallaxdir_reversed with_overlay\"><div class=\"l-section-img\" style=\"background-image: url(https:\/\/human-towers.com\/wp-content\/uploads\/us-placeholder-landscape.jpg);\" data-img-width=\"0\" data-img-height=\"0\"><\/div><div class=\"l-section-overlay\" style=\"background-color: rgba(43,44,54,0.75)\"><\/div><div class=\"l-section-h i-cf\"><div class=\"g-cols offset_small\"><div class=\" one-half animate_afb d1\"><div class=\"w-video ratio_16x9\"><div class=\"w-video-h\"><iframe loading=\"lazy\" width=\"1333\" height=\"1000\" src=\"https:\/\/www.youtube.com\/embed\/HB1D7JoH7_8?feature=oembed\" frameborder=\"0\" allowfullscreen><\/iframe><\/div><\/div><\/div><div class=\" one-half  vc_custom_1461261143102 color_custom\" style=\"color:#ffffff;\">[vc_empty_space height=\u00bb80px\u00bb]<div class=\"wpb_text_column \"><div class=\"wpb_wrapper\">\n<h2><strong>El hecho casteller<\/strong><\/h2>\n<h3>\u00abCastells\u00bb y empresa<\/h3>\n<p>El hecho \u00abCasteller\u00bb es una actividad tradicional que, al mismo tiempo, ha sabido adaptarse a los nuevos tiempos a lo largo de m\u00e1s de 200 a\u00f1os de historia.<\/div> <\/div> <\/div><\/div><\/div><\/section><section class=\"l-section wpb_row height_huge color_custom with_overlay\" style=\"background-color: #f2f2f2;\"><div class=\"l-section-overlay\" style=\"background-color: rgba(246,246,246,0.39)\"><\/div><div class=\"l-section-h i-cf\"><div class=\"g-cols offset_small\"><div class=\" full-width\"><div class=\"g-cols wpb_row offset_small vc_inner \"><div class=\" full-width\"><div class=\"wpb_text_column \"><div class=\"wpb_wrapper\">\n<h2 style=\"text-align: center;\"><strong>Nuestros clientes<\/strong><\/h2>\n<\/div> <\/div> <\/div><\/div><div class=\"g-cols wpb_row offset_small vc_inner \"><div class=\" full-width animate_afb\"><div class=\"w-logos style_1 nav_arrows with_indents type_carousel cols_4\"><div class=\"w-logos-list\" data-items=\"4\" data-autoplay=\"1\" data-timeout=\"2000\" data-nav=\"1\"><a class=\"w-logos-item\" href=\"https:\/\/www.manycolors.com\/en\/\" target=\"_blank\" rel=\"noopener\"><img loading=\"lazy\" decoding=\"async\" src=\"https:\/\/human-towers.com\/wp-content\/uploads\/home-manycolors-300x57.png\" width=\"300\" height=\"57\" alt=\"\"><\/a><a class=\"w-logos-item\" href=\"https:\/\/essentiabcn.com\/\" target=\"_blank\" rel=\"noopener\"><img loading=\"lazy\" decoding=\"async\" src=\"https:\/\/human-towers.com\/wp-content\/uploads\/essentia-logo-web-300x84.png\" width=\"300\" height=\"84\" alt=\"\"><\/a><a class=\"w-logos-item\" href=\"https:\/\/flpconsult.com\/es\/\" target=\"_blank\" rel=\"noopener\"><img loading=\"lazy\" decoding=\"async\" src=\"https:\/\/human-towers.com\/wp-content\/uploads\/flpconsult-05-300x300.png\" width=\"300\" height=\"300\" alt=\"\"><\/a><a class=\"w-logos-item\" href=\"https:\/\/psf.ad\/es\" target=\"_blank\" rel=\"noopener\"><img loading=\"lazy\" decoding=\"async\" src=\"https:\/\/human-towers.com\/wp-content\/uploads\/PSF-logo.jpg\" width=\"200\" height=\"200\" alt=\"\"><\/a><a class=\"w-logos-item\" href=\"https:\/\/www.dfepharma.com\/\" target=\"_blank\" rel=\"noopener\"><img loading=\"lazy\" decoding=\"async\" src=\"https:\/\/human-towers.com\/wp-content\/uploads\/dmv-fe-logo.gif\" width=\"195\" height=\"45\" alt=\"\"><\/a><a class=\"w-logos-item\" href=\"https:\/\/www.crbard.com\/Home.html\" target=\"_blank\" rel=\"noopener\"><img loading=\"lazy\" decoding=\"async\" src=\"https:\/\/human-towers.com\/wp-content\/uploads\/bard-300x300.png\" width=\"300\" height=\"300\" alt=\"\"><\/a><a class=\"w-logos-item\" href=\"https:\/\/nativewalks.com\/en\/\" target=\"_blank\" rel=\"noopener\"><img loading=\"lazy\" decoding=\"async\" src=\"https:\/\/human-towers.com\/wp-content\/uploads\/nativewalks-bcn-logo-e1461573742276.jpg\" width=\"150\" height=\"150\" alt=\"\"><\/a><a class=\"w-logos-item\" href=\"https:\/\/twobuddies.net\/es\" target=\"_blank\" rel=\"noopener\"><img loading=\"lazy\" decoding=\"async\" src=\"https:\/\/human-towers.com\/wp-content\/uploads\/TB_logo-300x126.jpg\" width=\"300\" height=\"126\" alt=\"\"><\/a><a class=\"w-logos-item\" href=\"https:\/\/www.vicensvives.com\/vvweb\/view\/pages\/p01\/load.php?id=13&#038;lang=es\" target=\"_blank\" rel=\"noopener\"><img loading=\"lazy\" decoding=\"async\" src=\"https:\/\/human-towers.com\/wp-content\/uploads\/logo-vicens-vives.gif\" width=\"166\" height=\"92\" alt=\"\"><\/a><a class=\"w-logos-item\" href=\"https:\/\/minvestgrup.com\/\" target=\"_blank\" rel=\"noopener\"><img loading=\"lazy\" decoding=\"async\" src=\"https:\/\/human-towers.com\/wp-content\/uploads\/Minvest-positiu-300x52.png\" width=\"300\" height=\"52\" alt=\"\"><\/a><a class=\"w-logos-item\" href=\"https:\/\/www.iese.edu\/es\/index-default.html\" target=\"_blank\" rel=\"noopener\"><img loading=\"lazy\" decoding=\"async\" src=\"https:\/\/human-towers.com\/wp-content\/uploads\/IESE_logo2-300x191.png\" width=\"300\" height=\"191\" alt=\"\"><\/a><\/div><\/div><\/div><\/div><\/div><\/div><\/div><\/section><section class=\"l-section wpb_row height_large color_primary\"><div class=\"l-section-h i-cf\"><div class=\"g-cols offset_small\"><div class=\" full-width animate_fade\"><div class=\"w-actionbox color_primary controls_right\"><div class=\"w-actionbox-text\"><h2>No lo dudes, preg\u00fantanos sobre nuestros talleres<\/h2><\/div><div class=\"w-actionbox-controls\"><a class=\"w-btn color_white style_outlined size_large icon_none\" href=\"http:\/\/human-towers.com\/es\/contacto\/\"><span class=\"w-btn-label\">Contacta con nosotros<\/span><\/a><\/div><\/div><\/div><\/div><\/div><\/section>\n","protected":false},"excerpt":{"rendered":"","protected":false},"author":1,"featured_media":0,"parent":0,"menu_order":0,"comment_status":"closed","ping_status":"closed","template":"","meta":{"footnotes":""},"class_list":["post-6362","page","type-page","status-publish","hentry"],"_links":{"self":[{"href":"https:\/\/human-towers.com\/es\/wp-json\/wp\/v2\/pages\/6362"}],"collection":[{"href":"https:\/\/human-towers.com\/es\/wp-json\/wp\/v2\/pages"}],"about":[{"href":"https:\/\/human-towers.com\/es\/wp-json\/wp\/v2\/types\/page"}],"author":[{"embeddable":true,"href":"https:\/\/human-towers.com\/es\/wp-json\/wp\/v2\/users\/1"}],"replies":[{"embeddable":true,"href":"https:\/\/human-towers.com\/es\/wp-json\/wp\/v2\/comments?post=6362"}],"version-history":[{"count":5,"href":"https:\/\/human-towers.com\/es\/wp-json\/wp\/v2\/pages\/6362\/revisions"}],"predecessor-version":[{"id":6822,"href":"https:\/\/human-towers.com\/es\/wp-json\/wp\/v2\/pages\/6362\/revisions\/6822"}],"wp:attachment":[{"href":"https:\/\/human-towers.com\/es\/wp-json\/wp\/v2\/media?parent=6362"}],"curies":[{"name":"wp","href":"https:\/\/api.w.org\/{rel}","templated":true}]}}