{"id":6452,"date":"2016-04-25T14:53:00","date_gmt":"2016-04-25T14:53:00","guid":{"rendered":"https:\/\/human-towers.com\/ca\/?page_id=6452"},"modified":"2016-04-25T14:53:00","modified_gmt":"2016-04-25T14:53:00","slug":"politica-de-cookies","status":"publish","type":"page","link":"https:\/\/human-towers.com\/ca\/politica-de-cookies\/","title":{"rendered":"Pol\u00edtica de cookies"},"content":{"rendered":"<p>1.        Qu\u00e8 \u00e9s una cookie?<\/p>\n<p>Una cookie \u00e9s un fitxer que es descarrega en el seu ordinador\/tablet\/smartphone en accedir a determinades p\u00e0gines web i\/o aplicacions. Les cookies permeten, entre altres coses, emmagatzemar i recuperar informaci\u00f3 sobre els h\u00e0bits de navegaci\u00f3 d\u2019un usuari o del seu equip i, depenent de la informaci\u00f3 que continguin i de la forma en qu\u00e8 utilitzi el seu equip, poden utilitzar-se per recon\u00e8ixer a l\u2019usuari.<\/p>\n<p>2.       Quins tipus de cookies utilitza la p\u00e0gina web de Faus &#038; Moliner?<\/p>\n<p>1. a) En funci\u00f3 de l\u2019entitat que les gestiona:<\/p>\n<p>Cookies de sessi\u00f3: S\u00f3n un tipus de *cookies dissenyades per recaptar i emmagatzemar dades mentre l\u2019usuari accedeix a la nostra p\u00e0gina web.<\/p>\n<p>Cookies persistents: S\u00f3n un tipus de cookies en el qual les dades segueixen emmagatzemats en el terminal i poden ser accedits i tractats durant un per\u00edode definit pel responsable de la cookie, i que pot anar d\u2019uns minuts a diversos anys.<\/p>\n<p>1. b) En funci\u00f3 del termini que romanen activades:<\/p>\n<p>Cookies de sesi\u00f3n: Son un tipo de cookies dise\u00f1adas para recabar y almacenar datos mientras el usuario accede a nuestra p\u00e1gina web.<\/p>\n<p>Cookies persistentes: Son un tipo de cookies en el que los datos siguen almacenados en el terminal y pueden ser accedidos y tratados durante un periodo definido por el responsable de la cookie, y que puede ir de unos minutos a varios a\u00f1os.<\/p>\n<p>1. c) Segons la finalitat per la qual es tractin:<\/p>\n<p>Cookies d\u2019an\u00e0lisi: S\u00f3n aquelles que ben tractades per nosaltres o per tercers, ens permeten quantificar el nombre d\u2019usuaris i aix\u00ed realitzar el mesurament i an\u00e0lisi estad\u00edstica de la utilitzaci\u00f3 que fan els usuaris del servei ofert. Per a aix\u00f2 s\u2019analitza la seva navegaci\u00f3 a la nostra p\u00e0gina web o aplicaci\u00f3 amb la finalitat de millorar l\u2019oferta de productes o serveis que li oferim.<\/p>\n<p>Cookies t\u00e8cniques: S\u00f3n aquelles que ben tractades per nosaltres o per tercers, permeten a l\u2019usuari la navegaci\u00f3 a trav\u00e9s la nostra p\u00e0gina web i la utilitzaci\u00f3 de les diferents opcions o serveis de les mateixes, com a complements (plug-in) per intercanviar continguts socials, autenticaci\u00f3 o identificaci\u00f3 d\u2019usuari o sessions de reproductor multim\u00e8dia.<\/p>\n<p>Cookies de personalitzaci\u00f3: S\u00f3n aquelles que ben tractades per nosaltres o per tercers, permeten a l\u2019usuari accedir al servei amb algunes caracter\u00edstiques de car\u00e0cter general predefinides en funci\u00f3 d\u2019una s\u00e8rie de criteris en el terminal de l\u2019usuari, com l\u2019idioma preestablert que es mostra la p\u00e0gina web.<\/p>\n<p>3.        Desactivaci\u00f3 o eliminaci\u00f3 de cookies<\/p>\n<p>Pot vost\u00e8 permetre, bloquejar o eliminar les cookies instal\u00b7lades en el seu equip mitjan\u00e7ant la configuraci\u00f3 de les opcions del navegador instal\u00b7lat en el seu ordinador\/tablet\/smartphone.<\/p>\n<p>Per a m\u00e9s informaci\u00f3 sobre Internet Explorer premi aqu\u00ed.<\/p>\n<p>Per a m\u00e9s informaci\u00f3 sobre Google Chrome premi aqu\u00ed.<\/p>\n<p>Per a m\u00e9s informaci\u00f3 sobre Firefox premi aqu\u00ed.<\/p>\n<p>Per a m\u00e9s informaci\u00f3 sobre Safari premi aqu\u00ed.<\/p>\n<p>Per a m\u00e9s informaci\u00f3 sobre Opera premi aqu\u00ed.<\/p>\n<p>4.        Utilitzaci\u00f3 de les cookies<\/p>\n<p>En aquest lloc web tamb\u00e9 utilitzem cookies de tercers per analitzar informaci\u00f3 de la navegaci\u00f3, permetre compartir continguts en xarxes socials i la reproducci\u00f3 de videos allotjats en un altre lloc web. Als seg\u00fcents enlla\u00e7os pot consultar la pol\u00edtica de cookies de cadascuna d\u2019aquestes entitats:<\/p>\n<p>Google Analytics, consultar els seg\u00fcents enlla\u00e7os:<br \/>\nhttps:\/\/developers.google.com\/analytics\/devguides\/collection\/analyticsjs\/cookie-usage<br \/>\nhttps:\/\/www.google.com\/analytics\/learn\/privacy.html<br \/>\nhttps:\/\/www.google.com\/intl\/en-US\/policies\/technologies\/cookies\/<br \/>\nTwitter, consultar el seg\u00fcent enlla\u00e7: https:\/\/support.twitter.com\/articles\/20170521#<br \/>\nLinkedin, consultar el seg\u00fcent enlla\u00e7: https:\/\/www.linkedin.com\/legal\/cookie-policy?trk=uno-reg-guest-home-cookie-policy<br \/>\nFacebook, consultar el seg\u00fcent enlla\u00e7: https:\/\/es-es.facebook.com\/help\/cookies\/?ref=sitefooter<br \/>\n5.        Consentiment<\/p>\n<p>En navegar pel nostre lloc web, Un. accepta la instal\u00b7laci\u00f3 i utilitzaci\u00f3 de les cookies.<\/p>\n<p>Un. pot retirar el seu consentiment pr\u00e8viament atorgat a qualsevol moment eliminant les *cookies instal\u00b7lades en el seu equip mitjan\u00e7ant la configuraci\u00f3 de les opcions del navegador, tal com s\u2019indica en l\u2019apartat \u201cdesactivaci\u00f3 o eliminaci\u00f3 de *cookies\u201d. No obstant aix\u00f2, li informem que aix\u00f2 pot impactar en les funcionalitats de la web o aplicaci\u00f3, fent la seva experi\u00e8ncia com a usuari menys satisfact\u00f2ria.<\/p>\n","protected":false},"excerpt":{"rendered":"<p>1. Qu\u00e8 \u00e9s una cookie? Una cookie \u00e9s un fitxer que es descarrega en el seu ordinador\/tablet\/smartphone en accedir a determinades p\u00e0gines web i\/o aplicacions. Les cookies permeten, entre altres coses, emmagatzemar i recuperar informaci\u00f3 sobre els h\u00e0bits de navegaci\u00f3 d\u2019un usuari o del seu equip i, depenent de la informaci\u00f3 que continguin i de&#8230;<\/p>\n","protected":false},"author":1,"featured_media":0,"parent":0,"menu_order":0,"comment_status":"closed","ping_status":"closed","template":"","meta":{"footnotes":""},"class_list":["post-6452","page","type-page","status-publish","hentry"],"_links":{"self":[{"href":"https:\/\/human-towers.com\/ca\/wp-json\/wp\/v2\/pages\/6452"}],"collection":[{"href":"https:\/\/human-towers.com\/ca\/wp-json\/wp\/v2\/pages"}],"about":[{"href":"https:\/\/human-towers.com\/ca\/wp-json\/wp\/v2\/types\/page"}],"author":[{"embeddable":true,"href":"https:\/\/human-towers.com\/ca\/wp-json\/wp\/v2\/users\/1"}],"replies":[{"embeddable":true,"href":"https:\/\/human-towers.com\/ca\/wp-json\/wp\/v2\/comments?post=6452"}],"version-history":[{"count":1,"href":"https:\/\/human-towers.com\/ca\/wp-json\/wp\/v2\/pages\/6452\/revisions"}],"predecessor-version":[{"id":6453,"href":"https:\/\/human-towers.com\/ca\/wp-json\/wp\/v2\/pages\/6452\/revisions\/6453"}],"wp:attachment":[{"href":"https:\/\/human-towers.com\/ca\/wp-json\/wp\/v2\/media?parent=6452"}],"curies":[{"name":"wp","href":"https:\/\/api.w.org\/{rel}","templated":true}]}}